{"id":2017,"date":"2022-09-29T16:21:38","date_gmt":"2022-09-29T14:21:38","guid":{"rendered":"https:\/\/wip.lan-com-east.de\/news\/"},"modified":"2022-12-23T11:50:25","modified_gmt":"2022-12-23T10:50:25","slug":"news","status":"publish","type":"page","link":"https:\/\/lan-com-east.de\/en\/news\/","title":{"rendered":"News"},"content":{"rendered":"\t\t<div data-elementor-type=\"wp-page\" data-elementor-id=\"2017\" class=\"elementor elementor-2017 elementor-48\" data-elementor-post-type=\"page\">\n\t\t\t\t\t\t<section data-particle_enable=\"false\" data-particle-mobile-disabled=\"false\" class=\"elementor-section elementor-top-section elementor-element elementor-element-5d13f93 elementor-section-full_width elementor-section-height-min-height elementor-section-height-default elementor-section-items-middle\" data-id=\"5d13f93\" data-element_type=\"section\" data-e-type=\"section\" data-settings=\"{&quot;background_background&quot;:&quot;classic&quot;}\">\n\t\t\t\t\t\t\t<div class=\"elementor-background-overlay\"><\/div>\n\t\t\t\t\t\t\t<div class=\"elementor-container elementor-column-gap-default\">\n\t\t\t\t\t<div class=\"elementor-column elementor-col-100 elementor-top-column elementor-element elementor-element-0794048\" data-id=\"0794048\" data-element_type=\"column\" data-e-type=\"column\">\n\t\t\t<div class=\"elementor-widget-wrap elementor-element-populated\">\n\t\t\t\t\t\t<div class=\"elementor-element elementor-element-c0c93b8 elementor-widget elementor-widget-heading\" data-id=\"c0c93b8\" data-element_type=\"widget\" data-e-type=\"widget\" data-widget_type=\"heading.default\">\n\t\t\t\t<div class=\"elementor-widget-container\">\n\t\t\t\t\t<span class=\"elementor-heading-title elementor-size-default\">News<\/span>\t\t\t\t<\/div>\n\t\t\t\t<\/div>\n\t\t\t\t\t<\/div>\n\t\t<\/div>\n\t\t\t\t\t<\/div>\n\t\t<\/section>\n\t\t\t\t<section data-particle_enable=\"false\" data-particle-mobile-disabled=\"false\" class=\"elementor-section elementor-top-section elementor-element elementor-element-d790371 elementor-section-boxed elementor-section-height-default elementor-section-height-default\" data-id=\"d790371\" data-element_type=\"section\" data-e-type=\"section\">\n\t\t\t\t\t\t<div class=\"elementor-container elementor-column-gap-default\">\n\t\t\t\t\t<div class=\"elementor-column elementor-col-100 elementor-top-column elementor-element elementor-element-edf25f4\" data-id=\"edf25f4\" data-element_type=\"column\" data-e-type=\"column\">\n\t\t\t<div class=\"elementor-widget-wrap elementor-element-populated\">\n\t\t\t\t\t\t<div class=\"elementor-element elementor-element-de9a45c elementor-widget elementor-widget-heading\" data-id=\"de9a45c\" data-element_type=\"widget\" data-e-type=\"widget\" data-widget_type=\"heading.default\">\n\t\t\t\t<div class=\"elementor-widget-container\">\n\t\t\t\t\t<h1 class=\"elementor-heading-title elementor-size-default\">News about radio relay<\/h1>\t\t\t\t<\/div>\n\t\t\t\t<\/div>\n\t\t\t\t<div class=\"elementor-element elementor-element-fab3fd9 elementor-widget elementor-widget-text-editor\" data-id=\"fab3fd9\" data-element_type=\"widget\" data-e-type=\"widget\" data-widget_type=\"text-editor.default\">\n\t\t\t\t<div class=\"elementor-widget-container\">\n\t\t\t\t\t\t\t\t\t<p style=\"text-align: center;\">Here you can find out everything about the development of directional radio technology, technical innovations and the latest news from LAN-COM-East. <\/p>\n\t\t\t\t\t\t\t\t<\/div>\n\t\t\t\t<\/div>\n\t\t\t\t\t<\/div>\n\t\t<\/div>\n\t\t\t\t\t<\/div>\n\t\t<\/section>\n\t\t\t\t<section data-particle_enable=\"false\" data-particle-mobile-disabled=\"false\" class=\"elementor-section elementor-top-section elementor-element elementor-element-8d0628a elementor-section-boxed elementor-section-height-default elementor-section-height-default\" data-id=\"8d0628a\" data-element_type=\"section\" data-e-type=\"section\" data-settings=\"{&quot;background_background&quot;:&quot;classic&quot;}\">\n\t\t\t\t\t\t<div class=\"elementor-container elementor-column-gap-default\">\n\t\t\t\t\t<div class=\"elementor-column elementor-col-100 elementor-top-column elementor-element elementor-element-7574283\" data-id=\"7574283\" data-element_type=\"column\" data-e-type=\"column\">\n\t\t\t<div class=\"elementor-widget-wrap elementor-element-populated\">\n\t\t\t\t\t\t<div class=\"elementor-element elementor-element-a0b6bab elementor-widget elementor-widget-heading\" data-id=\"a0b6bab\" data-element_type=\"widget\" data-e-type=\"widget\" data-widget_type=\"heading.default\">\n\t\t\t\t<div class=\"elementor-widget-container\">\n\t\t\t\t\t<h2 class=\"elementor-heading-title elementor-size-default\">In focus<\/h2>\t\t\t\t<\/div>\n\t\t\t\t<\/div>\n\t\t\t\t<div class=\"elementor-element elementor-element-582ad11 elementor-grid-eael-col-3 news-button elementor-grid-tablet-eael-col-2 elementor-grid-mobile-eael-col-1 elementor-widget elementor-widget-eael-post-grid\" data-id=\"582ad11\" data-element_type=\"widget\" data-e-type=\"widget\" data-settings=\"{&quot;eael_post_grid_columns&quot;:&quot;eael-col-3&quot;,&quot;eael_post_grid_columns_tablet&quot;:&quot;eael-col-2&quot;,&quot;eael_post_grid_columns_mobile&quot;:&quot;eael-col-1&quot;}\" data-widget_type=\"eael-post-grid.default\">\n\t\t\t\t<div class=\"elementor-widget-container\">\n\t\t\t\t\t<div id=\"eael-post-grid-582ad11\" class=\"eael-post-grid-container\">\n            <div class=\"eael-post-grid eael-post-appender eael-post-appender-582ad11 eael-post-grid-style-one\" data-layout-mode=\"grid\"><p class=\"no-posts-found\">No posts found!<\/p><\/div>\n            <div class=\"clearfix\"><\/div>\n        <\/div>\t\t\t\t<\/div>\n\t\t\t\t<\/div>\n\t\t\t\t\t<\/div>\n\t\t<\/div>\n\t\t\t\t\t<\/div>\n\t\t<\/section>\n\t\t\t\t<section data-particle_enable=\"false\" data-particle-mobile-disabled=\"false\" class=\"elementor-section elementor-top-section elementor-element elementor-element-07315c0 elementor-section-boxed elementor-section-height-default elementor-section-height-default\" data-id=\"07315c0\" data-element_type=\"section\" data-e-type=\"section\" data-settings=\"{&quot;background_background&quot;:&quot;classic&quot;}\">\n\t\t\t\t\t\t<div class=\"elementor-container elementor-column-gap-default\">\n\t\t\t\t\t<div class=\"elementor-column elementor-col-100 elementor-top-column elementor-element elementor-element-7f6927c\" data-id=\"7f6927c\" data-element_type=\"column\" data-e-type=\"column\">\n\t\t\t<div class=\"elementor-widget-wrap elementor-element-populated\">\n\t\t\t\t\t\t<div class=\"elementor-element elementor-element-41ecb47 elementor-widget elementor-widget-heading\" data-id=\"41ecb47\" data-element_type=\"widget\" data-e-type=\"widget\" data-widget_type=\"heading.default\">\n\t\t\t\t<div class=\"elementor-widget-container\">\n\t\t\t\t\t<h2 class=\"elementor-heading-title elementor-size-default\">News<\/h2>\t\t\t\t<\/div>\n\t\t\t\t<\/div>\n\t\t\t\t<div class=\"elementor-element elementor-element-dd9355c elementor-grid-eael-col-3 news-button elementor-grid-tablet-eael-col-2 elementor-grid-mobile-eael-col-1 elementor-widget elementor-widget-eael-post-grid\" data-id=\"dd9355c\" data-element_type=\"widget\" data-e-type=\"widget\" data-settings=\"{&quot;eael_post_grid_columns&quot;:&quot;eael-col-3&quot;,&quot;eael_post_grid_columns_tablet&quot;:&quot;eael-col-2&quot;,&quot;eael_post_grid_columns_mobile&quot;:&quot;eael-col-1&quot;}\" data-widget_type=\"eael-post-grid.default\">\n\t\t\t\t<div class=\"elementor-widget-container\">\n\t\t\t\t\t<div id=\"eael-post-grid-dd9355c\" class=\"eael-post-grid-container\">\n            <div class=\"eael-post-grid eael-post-appender eael-post-appender-dd9355c eael-post-grid-style-one\" data-layout-mode=\"grid\"><article class=\"eael-grid-post  eael-post-grid-column eael-pg-post-2006 category-uncategorized\" data-id=\"2006\">\n        <div class=\"eael-grid-post-holder\">\n            <div class=\"eael-grid-post-holder-inner\"><div class=\"eael-entry-media\"><div class=\"eael-entry-overlay none\"><i class=\"fas fa-long-arrow-alt-right\" aria-hidden=\"true\"><\/i><a href=\"https:\/\/lan-com-east.de\/en\/merry-christmas\/\"><\/a><\/div><div class=\"eael-entry-thumbnail \">\n                <img fetchpriority=\"high\" decoding=\"async\" width=\"1920\" height=\"1280\" src=\"https:\/\/lan-com-east.de\/wp-content\/uploads\/LAN-COM-East_Weihnachten.jpg\" class=\"attachment-full size-full wp-image-1568\" alt=\"Merry Christmas!\" srcset=\"https:\/\/lan-com-east.de\/wp-content\/uploads\/LAN-COM-East_Weihnachten.jpg 1920w, https:\/\/lan-com-east.de\/wp-content\/uploads\/LAN-COM-East_Weihnachten-600x400.jpg 600w, https:\/\/lan-com-east.de\/wp-content\/uploads\/LAN-COM-East_Weihnachten-1200x800.jpg 1200w, https:\/\/lan-com-east.de\/wp-content\/uploads\/LAN-COM-East_Weihnachten-768x512.jpg 768w, https:\/\/lan-com-east.de\/wp-content\/uploads\/LAN-COM-East_Weihnachten-1536x1024.jpg 1536w\" sizes=\"(max-width: 1920px) 100vw, 1920px\" \/>\n            <\/div>\n        <\/div><div class=\"eael-entry-wrapper\"><header class=\"eael-entry-header\"><h3 class=\"eael-entry-title\"><a class=\"eael-grid-post-link\" href=\"https:\/\/lan-com-east.de\/en\/merry-christmas\/\" title=\"Merry Christmas\">Merry Christmas<\/a><\/h3><\/header><div class=\"eael-entry-content\">\n                        <div class=\"eael-grid-post-excerpt\"><p>We wish you a Merry Christmas We would like to take this opportunity to thank our business partners and companions...<\/p><a href=\"https:\/\/lan-com-east.de\/en\/merry-christmas\/\" class=\"eael-post-elements-readmore-btn\">Read more<\/a><\/div>\n                    <\/div><div class=\"eael-entry-footer\"><div class=\"eael-entry-meta\"><\/div><\/div><\/div><\/div>\n        <\/div>\n    <\/article><article class=\"eael-grid-post  eael-post-grid-column eael-pg-post-2009 category-uncategorized\" data-id=\"2009\">\n        <div class=\"eael-grid-post-holder\">\n            <div class=\"eael-grid-post-holder-inner\"><div class=\"eael-entry-media\"><div class=\"eael-entry-overlay none\"><i class=\"fas fa-long-arrow-alt-right\" aria-hidden=\"true\"><\/i><a href=\"https:\/\/lan-com-east.de\/en\/lce-goes-riga\/\"><\/a><\/div><div class=\"eael-entry-thumbnail \">\n                <img decoding=\"async\" width=\"2016\" height=\"1512\" src=\"https:\/\/lan-com-east.de\/wp-content\/uploads\/SAF_Tehnika.jpeg\" class=\"attachment-full size-full wp-image-1632\" alt=\"Our partners for directional radio in Riga\" srcset=\"https:\/\/lan-com-east.de\/wp-content\/uploads\/SAF_Tehnika.jpeg 2016w, https:\/\/lan-com-east.de\/wp-content\/uploads\/SAF_Tehnika-533x400.jpeg 533w, https:\/\/lan-com-east.de\/wp-content\/uploads\/SAF_Tehnika-1067x800.jpeg 1067w, https:\/\/lan-com-east.de\/wp-content\/uploads\/SAF_Tehnika-768x576.jpeg 768w, https:\/\/lan-com-east.de\/wp-content\/uploads\/SAF_Tehnika-1536x1152.jpeg 1536w\" sizes=\"(max-width: 2016px) 100vw, 2016px\" \/>\n            <\/div>\n        <\/div><div class=\"eael-entry-wrapper\"><header class=\"eael-entry-header\"><h3 class=\"eael-entry-title\"><a class=\"eael-grid-post-link\" href=\"https:\/\/lan-com-east.de\/en\/lce-goes-riga\/\" title=\"LCE goes Riga\">LCE goes Riga<\/a><\/h3><\/header><div class=\"eael-entry-content\">\n                        <div class=\"eael-grid-post-excerpt\"><p>LCE meets SAF Tehnika We are back from an exciting business trip to our long-time business partner SAF Tehnika JSC...<\/p><a href=\"https:\/\/lan-com-east.de\/en\/lce-goes-riga\/\" class=\"eael-post-elements-readmore-btn\">Read more<\/a><\/div>\n                    <\/div><div class=\"eael-entry-footer\"><div class=\"eael-entry-meta\"><\/div><\/div><\/div><\/div>\n        <\/div>\n    <\/article><article class=\"eael-grid-post  eael-post-grid-column eael-pg-post-2014 category-uncategorized\" data-id=\"2014\">\n        <div class=\"eael-grid-post-holder\">\n            <div class=\"eael-grid-post-holder-inner\"><div class=\"eael-entry-media\"><div class=\"eael-entry-overlay none\"><i class=\"fas fa-long-arrow-alt-right\" aria-hidden=\"true\"><\/i><a href=\"https:\/\/lan-com-east.de\/en\/industry-meeting-2022\/\"><\/a><\/div><div class=\"eael-entry-thumbnail \">\n                <img decoding=\"async\" width=\"4606\" height=\"2720\" src=\"https:\/\/lan-com-east.de\/wp-content\/uploads\/Telko_Branchentagung_Kassel.png\" class=\"attachment-full size-full wp-image-1647\" alt=\"Sabine Nowagk Managing Director LAN-COM-East GmbH\" srcset=\"https:\/\/lan-com-east.de\/wp-content\/uploads\/Telko_Branchentagung_Kassel.png 4606w, https:\/\/lan-com-east.de\/wp-content\/uploads\/Telko_Branchentagung_Kassel-600x354.png 600w, https:\/\/lan-com-east.de\/wp-content\/uploads\/Telko_Branchentagung_Kassel-1200x709.png 1200w, https:\/\/lan-com-east.de\/wp-content\/uploads\/Telko_Branchentagung_Kassel-768x454.png 768w, https:\/\/lan-com-east.de\/wp-content\/uploads\/Telko_Branchentagung_Kassel-1536x907.png 1536w, https:\/\/lan-com-east.de\/wp-content\/uploads\/Telko_Branchentagung_Kassel-2048x1209.png 2048w\" sizes=\"(max-width: 4606px) 100vw, 4606px\" \/>\n            <\/div>\n        <\/div><div class=\"eael-entry-wrapper\"><header class=\"eael-entry-header\"><h3 class=\"eael-entry-title\"><a class=\"eael-grid-post-link\" href=\"https:\/\/lan-com-east.de\/en\/industry-meeting-2022\/\" title=\"Industry meeting 2022\">Industry meeting 2022<\/a><\/h3><\/header><div class=\"eael-entry-content\">\n                        <div class=\"eael-grid-post-excerpt\"><p>3rd Telco Industry Conference We were represented with our managing director Sabine Nowagk as speaker. Many thanks for a great...<\/p><a href=\"https:\/\/lan-com-east.de\/en\/industry-meeting-2022\/\" class=\"eael-post-elements-readmore-btn\">Read more<\/a><\/div>\n                    <\/div><div class=\"eael-entry-footer\"><div class=\"eael-entry-meta\"><\/div><\/div><\/div><\/div>\n        <\/div>\n    <\/article><\/div>\n            <div class=\"clearfix\"><\/div>\n        <\/div>\t\t\t\t<\/div>\n\t\t\t\t<\/div>\n\t\t\t\t\t<\/div>\n\t\t<\/div>\n\t\t\t\t\t<\/div>\n\t\t<\/section>\n\t\t\t\t<section data-particle_enable=\"false\" data-particle-mobile-disabled=\"false\" class=\"elementor-section elementor-top-section elementor-element elementor-element-efcf393 elementor-section-full_width elementor-section-height-min-height elementor-section-height-default elementor-section-items-middle\" data-id=\"efcf393\" data-element_type=\"section\" data-e-type=\"section\" data-settings=\"{&quot;background_background&quot;:&quot;classic&quot;}\">\n\t\t\t\t\t\t\t<div class=\"elementor-background-overlay\"><\/div>\n\t\t\t\t\t\t\t<div class=\"elementor-container elementor-column-gap-default\">\n\t\t\t\t\t<div class=\"elementor-column elementor-col-100 elementor-top-column elementor-element elementor-element-ca20e85\" data-id=\"ca20e85\" data-element_type=\"column\" data-e-type=\"column\">\n\t\t\t<div class=\"elementor-widget-wrap elementor-element-populated\">\n\t\t\t\t\t\t<div class=\"elementor-element elementor-element-e6903d8 elementor-widget elementor-widget-heading\" data-id=\"e6903d8\" data-element_type=\"widget\" data-e-type=\"widget\" data-widget_type=\"heading.default\">\n\t\t\t\t<div class=\"elementor-widget-container\">\n\t\t\t\t\t<h2 class=\"elementor-heading-title elementor-size-default\">WE ARE LOOKING FOR YOU!<\/h2>\t\t\t\t<\/div>\n\t\t\t\t<\/div>\n\t\t\t\t<div class=\"elementor-element elementor-element-fc59fda elementor-align-center elementor-widget elementor-widget-button\" data-id=\"fc59fda\" data-element_type=\"widget\" data-e-type=\"widget\" data-widget_type=\"button.default\">\n\t\t\t\t<div class=\"elementor-widget-container\">\n\t\t\t\t\t\t\t\t\t<div class=\"elementor-button-wrapper\">\n\t\t\t\t\t<a class=\"elementor-button elementor-button-link elementor-size-sm\" href=\"https:\/\/lan-com-east.de\/en\/careers\/\">\n\t\t\t\t\t\t<span class=\"elementor-button-content-wrapper\">\n\t\t\t\t\t\t\t\t\t<span class=\"elementor-button-text\">Learn more<\/span>\n\t\t\t\t\t<\/span>\n\t\t\t\t\t<\/a>\n\t\t\t\t<\/div>\n\t\t\t\t\t\t\t\t<\/div>\n\t\t\t\t<\/div>\n\t\t\t\t\t<\/div>\n\t\t<\/div>\n\t\t\t\t\t<\/div>\n\t\t<\/section>\n\t\t\t\t<\/div>\n\t\t","protected":false},"excerpt":{"rendered":"<p>News News about radio relay Here you can find out everything about the development of directional radio technology, technical innovations and the latest news from LAN-COM-East. In focus Frohe Weihnachten Wir w\u00fcnschen Frohe Weihnachten Auch wir wollen uns auf diesem Weg bei unseren Gesch\u00e4ftspartnern und Wegbegleitern f\u00fcr das vergangene Jahr&#8230; Read more LCE goes Riga [&hellip;]<\/p>\n","protected":false},"author":1,"featured_media":0,"parent":0,"menu_order":5,"comment_status":"closed","ping_status":"closed","template":"","meta":{"footnotes":""},"class_list":["post-2017","page","type-page","status-publish","hentry"],"yoast_head":"<!-- This site is optimized with the Yoast SEO plugin v27.5 - https:\/\/yoast.com\/product\/yoast-seo-wordpress\/ -->\n<title>News - LAN-COM-East<\/title>\n<meta name=\"robots\" content=\"index, follow, max-snippet:-1, max-image-preview:large, max-video-preview:-1\" \/>\n<link rel=\"canonical\" href=\"https:\/\/lan-com-east.de\/en\/news\/\" \/>\n<meta property=\"og:locale\" content=\"en_US\" \/>\n<meta property=\"og:type\" content=\"article\" \/>\n<meta property=\"og:title\" content=\"News - LAN-COM-East\" \/>\n<meta property=\"og:description\" content=\"News News about radio relay Here you can find out everything about the development of directional radio technology, technical innovations and the latest news from LAN-COM-East. In focus Frohe Weihnachten Wir w\u00fcnschen Frohe Weihnachten Auch wir wollen uns auf diesem Weg bei unseren Gesch\u00e4ftspartnern und Wegbegleitern f\u00fcr das vergangene Jahr&#8230; Read more LCE goes Riga [&hellip;]\" \/>\n<meta property=\"og:url\" content=\"https:\/\/lan-com-east.de\/en\/news\/\" \/>\n<meta property=\"og:site_name\" content=\"LAN-COM-East\" \/>\n<meta property=\"article:modified_time\" content=\"2022-12-23T10:50:25+00:00\" \/>\n<meta property=\"og:image\" content=\"https:\/\/lan-com-east.de\/wp-content\/uploads\/LAN-COM-East_Weihnachten.jpg\" \/>\n<meta name=\"twitter:card\" content=\"summary_large_image\" \/>\n<meta name=\"twitter:label1\" content=\"Est. reading time\" \/>\n\t<meta name=\"twitter:data1\" content=\"1 minute\" \/>\n<script type=\"application\/ld+json\" class=\"yoast-schema-graph\">{\"@context\":\"https:\\\/\\\/schema.org\",\"@graph\":[{\"@type\":\"WebPage\",\"@id\":\"https:\\\/\\\/lan-com-east.de\\\/en\\\/news\\\/\",\"url\":\"https:\\\/\\\/lan-com-east.de\\\/en\\\/news\\\/\",\"name\":\"News - LAN-COM-East\",\"isPartOf\":{\"@id\":\"https:\\\/\\\/lan-com-east.de\\\/en\\\/#website\"},\"primaryImageOfPage\":{\"@id\":\"https:\\\/\\\/lan-com-east.de\\\/en\\\/news\\\/#primaryimage\"},\"image\":{\"@id\":\"https:\\\/\\\/lan-com-east.de\\\/en\\\/news\\\/#primaryimage\"},\"thumbnailUrl\":\"https:\\\/\\\/lan-com-east.de\\\/wp-content\\\/uploads\\\/LAN-COM-East_Weihnachten.jpg\",\"datePublished\":\"2022-09-29T14:21:38+00:00\",\"dateModified\":\"2022-12-23T10:50:25+00:00\",\"breadcrumb\":{\"@id\":\"https:\\\/\\\/lan-com-east.de\\\/en\\\/news\\\/#breadcrumb\"},\"inLanguage\":\"en-US\",\"potentialAction\":[{\"@type\":\"ReadAction\",\"target\":[\"https:\\\/\\\/lan-com-east.de\\\/en\\\/news\\\/\"]}]},{\"@type\":\"ImageObject\",\"inLanguage\":\"en-US\",\"@id\":\"https:\\\/\\\/lan-com-east.de\\\/en\\\/news\\\/#primaryimage\",\"url\":\"https:\\\/\\\/lan-com-east.de\\\/wp-content\\\/uploads\\\/LAN-COM-East_Weihnachten.jpg\",\"contentUrl\":\"https:\\\/\\\/lan-com-east.de\\\/wp-content\\\/uploads\\\/LAN-COM-East_Weihnachten.jpg\"},{\"@type\":\"BreadcrumbList\",\"@id\":\"https:\\\/\\\/lan-com-east.de\\\/en\\\/news\\\/#breadcrumb\",\"itemListElement\":[{\"@type\":\"ListItem\",\"position\":1,\"name\":\"Home\",\"item\":\"https:\\\/\\\/lan-com-east.de\\\/en\\\/\"},{\"@type\":\"ListItem\",\"position\":2,\"name\":\"News\"}]},{\"@type\":\"WebSite\",\"@id\":\"https:\\\/\\\/lan-com-east.de\\\/en\\\/#website\",\"url\":\"https:\\\/\\\/lan-com-east.de\\\/en\\\/\",\"name\":\"LAN-COM-East\",\"description\":\"Kommunikationstechnik\",\"publisher\":{\"@id\":\"https:\\\/\\\/lan-com-east.de\\\/en\\\/#organization\"},\"potentialAction\":[{\"@type\":\"SearchAction\",\"target\":{\"@type\":\"EntryPoint\",\"urlTemplate\":\"https:\\\/\\\/lan-com-east.de\\\/en\\\/?s={search_term_string}\"},\"query-input\":{\"@type\":\"PropertyValueSpecification\",\"valueRequired\":true,\"valueName\":\"search_term_string\"}}],\"inLanguage\":\"en-US\"},{\"@type\":\"Organization\",\"@id\":\"https:\\\/\\\/lan-com-east.de\\\/en\\\/#organization\",\"name\":\"LAN-COM-East\",\"url\":\"https:\\\/\\\/lan-com-east.de\\\/en\\\/\",\"logo\":{\"@type\":\"ImageObject\",\"inLanguage\":\"en-US\",\"@id\":\"https:\\\/\\\/lan-com-east.de\\\/en\\\/#\\\/schema\\\/logo\\\/image\\\/\",\"url\":\"https:\\\/\\\/lan-com-east.de\\\/wp-content\\\/uploads\\\/LAN_COM_EAST-Richtfunk-Berlin.svg\",\"contentUrl\":\"https:\\\/\\\/lan-com-east.de\\\/wp-content\\\/uploads\\\/LAN_COM_EAST-Richtfunk-Berlin.svg\",\"width\":1405,\"height\":1405,\"caption\":\"LAN-COM-East\"},\"image\":{\"@id\":\"https:\\\/\\\/lan-com-east.de\\\/en\\\/#\\\/schema\\\/logo\\\/image\\\/\"}}]}<\/script>\n<!-- \/ Yoast SEO plugin. -->","yoast_head_json":{"title":"News - LAN-COM-East","robots":{"index":"index","follow":"follow","max-snippet":"max-snippet:-1","max-image-preview":"max-image-preview:large","max-video-preview":"max-video-preview:-1"},"canonical":"https:\/\/lan-com-east.de\/en\/news\/","og_locale":"en_US","og_type":"article","og_title":"News - LAN-COM-East","og_description":"News News about radio relay Here you can find out everything about the development of directional radio technology, technical innovations and the latest news from LAN-COM-East. In focus Frohe Weihnachten Wir w\u00fcnschen Frohe Weihnachten Auch wir wollen uns auf diesem Weg bei unseren Gesch\u00e4ftspartnern und Wegbegleitern f\u00fcr das vergangene Jahr&#8230; Read more LCE goes Riga [&hellip;]","og_url":"https:\/\/lan-com-east.de\/en\/news\/","og_site_name":"LAN-COM-East","article_modified_time":"2022-12-23T10:50:25+00:00","og_image":[{"url":"https:\/\/lan-com-east.de\/wp-content\/uploads\/LAN-COM-East_Weihnachten.jpg","type":"","width":"","height":""}],"twitter_card":"summary_large_image","twitter_misc":{"Est. reading time":"1 minute"},"schema":{"@context":"https:\/\/schema.org","@graph":[{"@type":"WebPage","@id":"https:\/\/lan-com-east.de\/en\/news\/","url":"https:\/\/lan-com-east.de\/en\/news\/","name":"News - LAN-COM-East","isPartOf":{"@id":"https:\/\/lan-com-east.de\/en\/#website"},"primaryImageOfPage":{"@id":"https:\/\/lan-com-east.de\/en\/news\/#primaryimage"},"image":{"@id":"https:\/\/lan-com-east.de\/en\/news\/#primaryimage"},"thumbnailUrl":"https:\/\/lan-com-east.de\/wp-content\/uploads\/LAN-COM-East_Weihnachten.jpg","datePublished":"2022-09-29T14:21:38+00:00","dateModified":"2022-12-23T10:50:25+00:00","breadcrumb":{"@id":"https:\/\/lan-com-east.de\/en\/news\/#breadcrumb"},"inLanguage":"en-US","potentialAction":[{"@type":"ReadAction","target":["https:\/\/lan-com-east.de\/en\/news\/"]}]},{"@type":"ImageObject","inLanguage":"en-US","@id":"https:\/\/lan-com-east.de\/en\/news\/#primaryimage","url":"https:\/\/lan-com-east.de\/wp-content\/uploads\/LAN-COM-East_Weihnachten.jpg","contentUrl":"https:\/\/lan-com-east.de\/wp-content\/uploads\/LAN-COM-East_Weihnachten.jpg"},{"@type":"BreadcrumbList","@id":"https:\/\/lan-com-east.de\/en\/news\/#breadcrumb","itemListElement":[{"@type":"ListItem","position":1,"name":"Home","item":"https:\/\/lan-com-east.de\/en\/"},{"@type":"ListItem","position":2,"name":"News"}]},{"@type":"WebSite","@id":"https:\/\/lan-com-east.de\/en\/#website","url":"https:\/\/lan-com-east.de\/en\/","name":"LAN-COM-East","description":"Kommunikationstechnik","publisher":{"@id":"https:\/\/lan-com-east.de\/en\/#organization"},"potentialAction":[{"@type":"SearchAction","target":{"@type":"EntryPoint","urlTemplate":"https:\/\/lan-com-east.de\/en\/?s={search_term_string}"},"query-input":{"@type":"PropertyValueSpecification","valueRequired":true,"valueName":"search_term_string"}}],"inLanguage":"en-US"},{"@type":"Organization","@id":"https:\/\/lan-com-east.de\/en\/#organization","name":"LAN-COM-East","url":"https:\/\/lan-com-east.de\/en\/","logo":{"@type":"ImageObject","inLanguage":"en-US","@id":"https:\/\/lan-com-east.de\/en\/#\/schema\/logo\/image\/","url":"https:\/\/lan-com-east.de\/wp-content\/uploads\/LAN_COM_EAST-Richtfunk-Berlin.svg","contentUrl":"https:\/\/lan-com-east.de\/wp-content\/uploads\/LAN_COM_EAST-Richtfunk-Berlin.svg","width":1405,"height":1405,"caption":"LAN-COM-East"},"image":{"@id":"https:\/\/lan-com-east.de\/en\/#\/schema\/logo\/image\/"}}]}},"_links":{"self":[{"href":"https:\/\/lan-com-east.de\/en\/wp-json\/wp\/v2\/pages\/2017","targetHints":{"allow":["GET"]}}],"collection":[{"href":"https:\/\/lan-com-east.de\/en\/wp-json\/wp\/v2\/pages"}],"about":[{"href":"https:\/\/lan-com-east.de\/en\/wp-json\/wp\/v2\/types\/page"}],"author":[{"embeddable":true,"href":"https:\/\/lan-com-east.de\/en\/wp-json\/wp\/v2\/users\/1"}],"replies":[{"embeddable":true,"href":"https:\/\/lan-com-east.de\/en\/wp-json\/wp\/v2\/comments?post=2017"}],"version-history":[{"count":10,"href":"https:\/\/lan-com-east.de\/en\/wp-json\/wp\/v2\/pages\/2017\/revisions"}],"predecessor-version":[{"id":2333,"href":"https:\/\/lan-com-east.de\/en\/wp-json\/wp\/v2\/pages\/2017\/revisions\/2333"}],"wp:attachment":[{"href":"https:\/\/lan-com-east.de\/en\/wp-json\/wp\/v2\/media?parent=2017"}],"curies":[{"name":"wp","href":"https:\/\/api.w.org\/{rel}","templated":true}]}}